{"id":2642,"date":"2023-01-31T13:49:15","date_gmt":"2023-01-31T12:49:15","guid":{"rendered":"https:\/\/wordpress.humhub.com\/?page_id=2642"},"modified":"2024-11-05T16:37:06","modified_gmt":"2024-11-05T15:37:06","slug":"pricing","status":"publish","type":"page","link":"https:\/\/www.humhub.com\/de\/pricing\/","title":{"rendered":"Pricing"},"content":{"rendered":"\t\t<div data-elementor-type=\"wp-page\" data-elementor-id=\"2642\" class=\"elementor elementor-2642\" data-elementor-post-type=\"page\">\n\t\t\t\t\t\t<section class=\"has_eae_slider elementor-section elementor-top-section elementor-element elementor-element-1e6977bd elementor-section-boxed elementor-section-height-default elementor-section-height-default\" data-eae-slider=\"53531\" data-id=\"1e6977bd\" data-element_type=\"section\" data-e-type=\"section\">\n\t\t\t\t\t\t<div class=\"elementor-container elementor-column-gap-default\">\n\t\t\t\t\t<div class=\"has_eae_slider elementor-column elementor-col-50 elementor-top-column elementor-element elementor-element-37ba4b24\" data-eae-slider=\"55700\" data-id=\"37ba4b24\" data-element_type=\"column\" data-e-type=\"column\">\n\t\t\t<div class=\"elementor-widget-wrap elementor-element-populated\">\n\t\t\t\t\t\t<div class=\"elementor-element elementor-element-ecbfba8 elementor-widget elementor-widget-heading\" data-id=\"ecbfba8\" data-element_type=\"widget\" data-e-type=\"widget\" data-widget_type=\"heading.default\">\n\t\t\t\t<div class=\"elementor-widget-container\">\n\t\t\t\t\t<h2 class=\"elementor-heading-title elementor-size-default\">Lizenzrechner<\/h2>\t\t\t\t<\/div>\n\t\t\t\t<\/div>\n\t\t\t\t<div class=\"elementor-element elementor-element-2787576f elementor-widget elementor-widget-text-editor\" data-id=\"2787576f\" data-element_type=\"widget\" data-e-type=\"widget\" data-widget_type=\"text-editor.default\">\n\t\t\t\t<div class=\"elementor-widget-container\">\n\t\t\t\t\t\t\t\t\t\n<p>Weltweit gibt es tausende aktive HumHub Netzwerke, darunter von Organisationen, Unternehmen und Konzernen, Verb\u00e4nden, St\u00e4dten und Gemeinden sowie unz\u00e4hlige soziale und wohlt\u00e4tige Projekte. Wir sind uns sicher, dass unsere Software auch f\u00fcr deinen Bedarf die richtige Wahl ist. Unsere Preise sind transparent und HumHub kann monatlich gek\u00fcndigt werden. Mit unserem Preisrechner siehst du mit wenigen Klicks, welche Edition deine Organisation braucht. Die Preisanfrage ist unverbindlich.<\/p>\n<p>\u00a0<\/p>\n\t\t\t\t\t\t\t\t<\/div>\n\t\t\t\t<\/div>\n\t\t\t\t\t<\/div>\n\t\t<\/div>\n\t\t\t\t<div class=\"has_eae_slider elementor-column elementor-col-50 elementor-top-column elementor-element elementor-element-5b70b38\" data-eae-slider=\"47006\" data-id=\"5b70b38\" data-element_type=\"column\" data-e-type=\"column\">\n\t\t\t<div class=\"elementor-widget-wrap\">\n\t\t\t\t\t\t\t<\/div>\n\t\t<\/div>\n\t\t\t\t\t<\/div>\n\t\t<\/section>\n\t\t\t\t<section class=\"has_eae_slider elementor-section elementor-top-section elementor-element elementor-element-80ccf13 elementor-section-boxed elementor-section-height-default elementor-section-height-default\" data-eae-slider=\"40303\" data-id=\"80ccf13\" data-element_type=\"section\" data-e-type=\"section\">\n\t\t\t\t\t\t<div class=\"elementor-container elementor-column-gap-default\">\n\t\t\t\t\t<div class=\"has_eae_slider elementor-column elementor-col-50 elementor-top-column elementor-element elementor-element-038c5a6\" data-eae-slider=\"88776\" data-id=\"038c5a6\" data-element_type=\"column\" data-e-type=\"column\" data-settings=\"{&quot;background_background&quot;:&quot;classic&quot;}\">\n\t\t\t<div class=\"elementor-widget-wrap elementor-element-populated\">\n\t\t\t\t\t\t<div class=\"elementor-element elementor-element-20b6dae elementor-widget elementor-widget-shortcode\" data-id=\"20b6dae\" data-element_type=\"widget\" data-e-type=\"widget\" data-widget_type=\"shortcode.default\">\n\t\t\t\t<div class=\"elementor-widget-container\">\n\t\t\t\t\t\t\t<div class=\"elementor-shortcode\"><form id=\"forminator-module-5936\" class=\"forminator-custom-form forminator-custom-form-5936\" method=\"post\" data-forminator-render=\"0\" data-uid=\"69dfc1948482c\"><div role=\"alert\" aria-live=\"polite\" class=\"forminator-response-message forminator-error\" aria-hidden=\"true\"><\/div><\/form><\/div>\n\t\t\t\t\t\t<\/div>\n\t\t\t\t<\/div>\n\t\t\t\t\t<\/div>\n\t\t<\/div>\n\t\t\t\t<div class=\"has_eae_slider elementor-column elementor-col-50 elementor-top-column elementor-element elementor-element-4b70483 elementor-hidden-laptop elementor-hidden-tablet elementor-hidden-mobile\" data-eae-slider=\"77033\" data-id=\"4b70483\" data-element_type=\"column\" data-e-type=\"column\">\n\t\t\t<div class=\"elementor-widget-wrap\">\n\t\t\t\t\t\t\t<\/div>\n\t\t<\/div>\n\t\t\t\t\t<\/div>\n\t\t<\/section>\n\t\t\t\t<\/div>\n\t\t","protected":false},"excerpt":{"rendered":"<p>Lizenzrechner Weltweit gibt es tausende aktive HumHub Netzwerke, darunter von Organisationen, Unternehmen und Konzernen, Verb\u00e4nden, St\u00e4dten und Gemeinden sowie unz\u00e4hlige soziale und wohlt\u00e4tige Projekte. Wir sind uns sicher, dass unsere Software auch f\u00fcr deinen Bedarf die richtige Wahl ist. Unsere Preise sind transparent und HumHub kann monatlich gek\u00fcndigt werden. Mit unserem Preisrechner siehst du mit &#8230; <a title=\"Pricing\" class=\"read-more\" href=\"https:\/\/www.humhub.com\/de\/pricing\/\" aria-label=\"Mehr Informationen \u00fcber Pricing\">Weiterlesen<\/a><\/p>\n","protected":false},"author":7,"featured_media":0,"parent":0,"menu_order":0,"comment_status":"closed","ping_status":"closed","template":"","meta":{"footnotes":""},"class_list":["post-2642","page","type-page","status-publish"],"_links":{"self":[{"href":"https:\/\/www.humhub.com\/de\/wp-json\/wp\/v2\/pages\/2642","targetHints":{"allow":["GET"]}}],"collection":[{"href":"https:\/\/www.humhub.com\/de\/wp-json\/wp\/v2\/pages"}],"about":[{"href":"https:\/\/www.humhub.com\/de\/wp-json\/wp\/v2\/types\/page"}],"author":[{"embeddable":true,"href":"https:\/\/www.humhub.com\/de\/wp-json\/wp\/v2\/users\/7"}],"replies":[{"embeddable":true,"href":"https:\/\/www.humhub.com\/de\/wp-json\/wp\/v2\/comments?post=2642"}],"version-history":[{"count":72,"href":"https:\/\/www.humhub.com\/de\/wp-json\/wp\/v2\/pages\/2642\/revisions"}],"predecessor-version":[{"id":5942,"href":"https:\/\/www.humhub.com\/de\/wp-json\/wp\/v2\/pages\/2642\/revisions\/5942"}],"wp:attachment":[{"href":"https:\/\/www.humhub.com\/de\/wp-json\/wp\/v2\/media?parent=2642"}],"curies":[{"name":"wp","href":"https:\/\/api.w.org\/{rel}","templated":true}]}}